{"id":2350,"date":"2026-01-30T19:23:57","date_gmt":"2026-01-30T18:23:57","guid":{"rendered":"https:\/\/awodent.com\/?page_id=2350"},"modified":"2026-02-01T23:03:14","modified_gmt":"2026-02-01T22:03:14","slug":"polityka-cookies","status":"publish","type":"page","link":"https:\/\/awodent.com\/en\/polityka-cookies\/","title":{"rendered":"Cookie policy"},"content":{"rendered":"<div data-elementor-type=\"wp-page\" data-elementor-id=\"2350\" class=\"elementor elementor-2350\" data-elementor-settings=\"{&quot;ha_cmc_init_switcher&quot;:&quot;no&quot;}\">\n\t\t\t\t\t\t<section class=\"has_ma_el_bg_slider elementor-section elementor-top-section elementor-element elementor-element-6a1caac4 elementor-section-boxed elementor-section-height-default elementor-section-height-default exad-glass-effect-no jltma-glass-effect-no exad-sticky-section-no\" data-id=\"6a1caac4\" data-element_type=\"section\" data-settings=\"{&quot;_ha_eqh_enable&quot;:false}\">\n\t\t\t\t\t\t<div class=\"elementor-container elementor-column-gap-default\">\n\t\t\t\t\t<div class=\"has_ma_el_bg_slider elementor-column elementor-col-100 elementor-top-column elementor-element elementor-element-cfb507e exad-glass-effect-no jltma-glass-effect-no exad-sticky-section-no\" data-id=\"cfb507e\" data-element_type=\"column\">\n\t\t\t<div class=\"elementor-widget-wrap elementor-element-populated\">\n\t\t\t\t\t\t<div class=\"elementor-element elementor-element-2e13e234 exad-sticky-section-no exad-glass-effect-no jltma-glass-effect-no elementor-widget elementor-widget-text-editor\" data-id=\"2e13e234\" data-element_type=\"widget\" data-widget_type=\"text-editor.default\">\n\t\t\t\t<div class=\"elementor-widget-container\">\n\t\t\t\t\t\t\t<p><i>This Cookie Policy was last updated on 30 January 2026 and applies to citizens and legal permanent residents of the European Economic Area and Switzerland.<\/i><\/p>\n<h2>1. Introduction<\/h2>\n<p>Our website <a href=\"https:\/\/awodent.com\/en\/\">https:\/\/awodent.com<\/a> (hereinafter referred to as the \"website\") uses cookies and similar technologies (for simplicity, all such technologies are hereinafter referred to as \"cookies\"). This document explains how cookies are used on our website.<\/p>\n<h2>2. What are cookies?<\/h2>\n<p>A cookie is a small text file that is stored on the user\u2019s end device when visiting a website. Information stored in cookies may be read by the website\u2019s server during subsequent visits.<\/p>\n<h2>3. What are scripts?<\/h2>\n<p>A script is a piece of program code that enables the proper and interactive functioning of a website. This code may be executed on the website\u2019s server or on the user\u2019s device.<\/p>\n<h2>4. What is a web beacon?<\/h2>\n<p>A web beacon (also known as a pixel tag) is a small, invisible element placed on a website that may be used to ensure the proper functioning of certain elements of the site.<\/p>\n<h2>5. Types of cookies used<\/h2>\n<h3>5.1 Necessary (technical and functional) cookies<\/h3>\n<p>Some cookies are necessary for the proper functioning of the website and to ensure its basic features. These cookies are used automatically and do not require the user\u2019s consent.<\/p>\n<h2>6. Cookies used<\/h2>\n<p>Only cookies originating from the following tools and systems may be used on the website:<\/p>\n<ul>\n<li>WordPress - to ensure the proper operation of the website,<\/li>\n<li>Elementor - to ensure correct display of website content.<\/li>\n<\/ul>\n<h2>7. Consent<\/h2>\n<p>The website does not use statistical or marketing cookies that require user consent. Cookies that are necessary for the proper functioning of the website are used in accordance with applicable legal regulations.<\/p>\n<h2>8. Managing cookies<\/h2>\n<p>The user may manage cookies independently through their web browser settings, including deleting or blocking them. However, restricting the use of cookies may affect certain functionalities of the website.<\/p>\n<h2>9. User rights<\/h2>\n<p>The user has the right to:<\/p>\n<ul>\n<li>access their personal data,<\/li>\n<li>rectify, delete or restrict the processing of their data,<\/li>\n<li>object to the processing of personal data,<\/li>\n<li>lodge a complaint with the President of the Personal Data Protection Office.<\/li>\n<\/ul>\n<h2>10. Contact details<\/h2>\n<p><strong>AWODENT Wojciech Radwa\u0144ski<\/strong><br \/>\u0141ukasza Go\u0142\u0119biowskiego Street 2<br \/>01-504 Warsaw, Poland<br \/>Website: <a href=\"https:\/\/awodent.com\/en\/\">https:\/\/awodent.com<\/a><br \/>E-mail: rodo@awodent.pl<br \/>Phone: 22 666 18 33<\/p>\t\t\t\t\t\t<\/div>\n\t\t\t\t<\/div>\n\t\t\t\t\t<\/div>\n\t\t<\/div>\n\t\t\t\t\t<\/div>\n\t\t<\/section>\n\t\t\t\t<\/div>","protected":false},"excerpt":{"rendered":"<p>Niniejsza Polityka cookies zosta\u0142a ostatnio zaktualizowana dnia 30.01.2026 r. i ma zastosowanie do obywateli oraz os\u00f3b posiadaj\u0105cych sta\u0142e miejsce zamieszkania [&hellip;]<\/p>","protected":false},"author":1,"featured_media":0,"parent":0,"menu_order":0,"comment_status":"closed","ping_status":"closed","template":"","meta":{"site-sidebar-layout":"default","site-content-layout":"","ast-site-content-layout":"","site-content-style":"default","site-sidebar-style":"default","ast-global-header-display":"","ast-banner-title-visibility":"","ast-main-header-display":"","ast-hfb-above-header-display":"","ast-hfb-below-header-display":"","ast-hfb-mobile-header-display":"","site-post-title":"","ast-breadcrumbs-content":"","ast-featured-img":"","footer-sml-layout":"","theme-transparent-header-meta":"","adv-header-id-meta":"","stick-header-meta":"","header-above-stick-meta":"","header-main-stick-meta":"","header-below-stick-meta":"","astra-migrate-meta-layouts":"default","ast-page-background-enabled":"default","ast-page-background-meta":{"desktop":{"background-color":"var(--ast-global-color-4)","background-image":"","background-repeat":"repeat","background-position":"center center","background-size":"auto","background-attachment":"scroll","background-type":"","background-media":"","overlay-type":"","overlay-color":"","overlay-opacity":"","overlay-gradient":""},"tablet":{"background-color":"","background-image":"","background-repeat":"repeat","background-position":"center center","background-size":"auto","background-attachment":"scroll","background-type":"","background-media":"","overlay-type":"","overlay-color":"","overlay-opacity":"","overlay-gradient":""},"mobile":{"background-color":"","background-image":"","background-repeat":"repeat","background-position":"center center","background-size":"auto","background-attachment":"scroll","background-type":"","background-media":"","overlay-type":"","overlay-color":"","overlay-opacity":"","overlay-gradient":""}},"ast-content-background-meta":{"desktop":{"background-color":"var(--ast-global-color-5)","background-image":"","background-repeat":"repeat","background-position":"center center","background-size":"auto","background-attachment":"scroll","background-type":"","background-media":"","overlay-type":"","overlay-color":"","overlay-opacity":"","overlay-gradient":""},"tablet":{"background-color":"var(--ast-global-color-5)","background-image":"","background-repeat":"repeat","background-position":"center center","background-size":"auto","background-attachment":"scroll","background-type":"","background-media":"","overlay-type":"","overlay-color":"","overlay-opacity":"","overlay-gradient":""},"mobile":{"background-color":"var(--ast-global-color-5)","background-image":"","background-repeat":"repeat","background-position":"center center","background-size":"auto","background-attachment":"scroll","background-type":"","background-media":"","overlay-type":"","overlay-color":"","overlay-opacity":"","overlay-gradient":""}},"footnotes":""},"class_list":["post-2350","page","type-page","status-publish","hentry"],"yoast_head":"<!-- This site is optimized with the Yoast SEO plugin v24.0 - https:\/\/yoast.com\/wordpress\/plugins\/seo\/ -->\n<title>Polityka cookies - Awodent<\/title>\n<meta name=\"robots\" content=\"index, follow, max-snippet:-1, max-image-preview:large, max-video-preview:-1\" \/>\n<link rel=\"canonical\" href=\"https:\/\/awodent.com\/en\/polityka-cookies\/\" \/>\n<meta property=\"og:locale\" content=\"en_GB\" \/>\n<meta property=\"og:type\" content=\"article\" \/>\n<meta property=\"og:title\" content=\"Polityka cookies - Awodent\" \/>\n<meta property=\"og:description\" content=\"Niniejsza Polityka cookies zosta\u0142a ostatnio zaktualizowana dnia 30.01.2026 r. i ma zastosowanie do obywateli oraz os\u00f3b posiadaj\u0105cych sta\u0142e miejsce zamieszkania [&hellip;]\" \/>\n<meta property=\"og:url\" content=\"https:\/\/awodent.com\/en\/polityka-cookies\/\" \/>\n<meta property=\"og:site_name\" content=\"Awodent\" \/>\n<meta property=\"article:modified_time\" content=\"2026-02-01T22:03:14+00:00\" \/>\n<meta name=\"twitter:card\" content=\"summary_large_image\" \/>\n<meta name=\"twitter:label1\" content=\"Estimated reading time\" \/>\n\t<meta name=\"twitter:data1\" content=\"3 minutes\" \/>\n<script type=\"application\/ld+json\" class=\"yoast-schema-graph\">{\"@context\":\"https:\/\/schema.org\",\"@graph\":[{\"@type\":\"WebPage\",\"@id\":\"https:\/\/awodent.com\/polityka-cookies\/\",\"url\":\"https:\/\/awodent.com\/polityka-cookies\/\",\"name\":\"Polityka cookies - Awodent\",\"isPartOf\":{\"@id\":\"https:\/\/srv70671.seohost.com.pl\/#website\"},\"datePublished\":\"2026-01-30T18:23:57+00:00\",\"dateModified\":\"2026-02-01T22:03:14+00:00\",\"breadcrumb\":{\"@id\":\"https:\/\/awodent.com\/polityka-cookies\/#breadcrumb\"},\"inLanguage\":\"en-GB\",\"potentialAction\":[{\"@type\":\"ReadAction\",\"target\":[\"https:\/\/awodent.com\/polityka-cookies\/\"]}]},{\"@type\":\"BreadcrumbList\",\"@id\":\"https:\/\/awodent.com\/polityka-cookies\/#breadcrumb\",\"itemListElement\":[{\"@type\":\"ListItem\",\"position\":1,\"name\":\"Home\",\"item\":\"https:\/\/awodent.com\/\"},{\"@type\":\"ListItem\",\"position\":2,\"name\":\"Polityka cookies\"}]},{\"@type\":\"WebSite\",\"@id\":\"https:\/\/srv70671.seohost.com.pl\/#website\",\"url\":\"https:\/\/srv70671.seohost.com.pl\/\",\"name\":\"Awodent\",\"description\":\"Klinika stomatologiczna\",\"publisher\":{\"@id\":\"https:\/\/srv70671.seohost.com.pl\/#organization\"},\"potentialAction\":[{\"@type\":\"SearchAction\",\"target\":{\"@type\":\"EntryPoint\",\"urlTemplate\":\"https:\/\/srv70671.seohost.com.pl\/?s={search_term_string}\"},\"query-input\":{\"@type\":\"PropertyValueSpecification\",\"valueRequired\":true,\"valueName\":\"search_term_string\"}}],\"inLanguage\":\"en-GB\"},{\"@type\":\"Organization\",\"@id\":\"https:\/\/srv70671.seohost.com.pl\/#organization\",\"name\":\"Awodent\",\"url\":\"https:\/\/srv70671.seohost.com.pl\/\",\"logo\":{\"@type\":\"ImageObject\",\"inLanguage\":\"en-GB\",\"@id\":\"https:\/\/srv70671.seohost.com.pl\/#\/schema\/logo\/image\/\",\"url\":\"https:\/\/awodent.com\/wp-content\/uploads\/2022\/07\/cropped-logo-AWODENT-v7_2022.png\",\"contentUrl\":\"https:\/\/awodent.com\/wp-content\/uploads\/2022\/07\/cropped-logo-AWODENT-v7_2022.png\",\"width\":7348,\"height\":1493,\"caption\":\"Awodent\"},\"image\":{\"@id\":\"https:\/\/srv70671.seohost.com.pl\/#\/schema\/logo\/image\/\"}}]}<\/script>\n<!-- \/ Yoast SEO plugin. -->","yoast_head_json":{"title":"Polityka cookies - Awodent","robots":{"index":"index","follow":"follow","max-snippet":"max-snippet:-1","max-image-preview":"max-image-preview:large","max-video-preview":"max-video-preview:-1"},"canonical":"https:\/\/awodent.com\/en\/polityka-cookies\/","og_locale":"en_GB","og_type":"article","og_title":"Polityka cookies - Awodent","og_description":"Niniejsza Polityka cookies zosta\u0142a ostatnio zaktualizowana dnia 30.01.2026 r. i ma zastosowanie do obywateli oraz os\u00f3b posiadaj\u0105cych sta\u0142e miejsce zamieszkania [&hellip;]","og_url":"https:\/\/awodent.com\/en\/polityka-cookies\/","og_site_name":"Awodent","article_modified_time":"2026-02-01T22:03:14+00:00","twitter_card":"summary_large_image","twitter_misc":{"Estimated reading time":"3 minutes"},"schema":{"@context":"https:\/\/schema.org","@graph":[{"@type":"WebPage","@id":"https:\/\/awodent.com\/polityka-cookies\/","url":"https:\/\/awodent.com\/polityka-cookies\/","name":"Polityka cookies - Awodent","isPartOf":{"@id":"https:\/\/srv70671.seohost.com.pl\/#website"},"datePublished":"2026-01-30T18:23:57+00:00","dateModified":"2026-02-01T22:03:14+00:00","breadcrumb":{"@id":"https:\/\/awodent.com\/polityka-cookies\/#breadcrumb"},"inLanguage":"en-GB","potentialAction":[{"@type":"ReadAction","target":["https:\/\/awodent.com\/polityka-cookies\/"]}]},{"@type":"BreadcrumbList","@id":"https:\/\/awodent.com\/polityka-cookies\/#breadcrumb","itemListElement":[{"@type":"ListItem","position":1,"name":"Home","item":"https:\/\/awodent.com\/"},{"@type":"ListItem","position":2,"name":"Polityka cookies"}]},{"@type":"WebSite","@id":"https:\/\/srv70671.seohost.com.pl\/#website","url":"https:\/\/srv70671.seohost.com.pl\/","name":"Awodent","description":"Klinika stomatologiczna","publisher":{"@id":"https:\/\/srv70671.seohost.com.pl\/#organization"},"potentialAction":[{"@type":"SearchAction","target":{"@type":"EntryPoint","urlTemplate":"https:\/\/srv70671.seohost.com.pl\/?s={search_term_string}"},"query-input":{"@type":"PropertyValueSpecification","valueRequired":true,"valueName":"search_term_string"}}],"inLanguage":"en-GB"},{"@type":"Organization","@id":"https:\/\/srv70671.seohost.com.pl\/#organization","name":"Awodent","url":"https:\/\/srv70671.seohost.com.pl\/","logo":{"@type":"ImageObject","inLanguage":"en-GB","@id":"https:\/\/srv70671.seohost.com.pl\/#\/schema\/logo\/image\/","url":"https:\/\/awodent.com\/wp-content\/uploads\/2022\/07\/cropped-logo-AWODENT-v7_2022.png","contentUrl":"https:\/\/awodent.com\/wp-content\/uploads\/2022\/07\/cropped-logo-AWODENT-v7_2022.png","width":7348,"height":1493,"caption":"Awodent"},"image":{"@id":"https:\/\/srv70671.seohost.com.pl\/#\/schema\/logo\/image\/"}}]}},"_links":{"self":[{"href":"https:\/\/awodent.com\/en\/wp-json\/wp\/v2\/pages\/2350","targetHints":{"allow":["GET"]}}],"collection":[{"href":"https:\/\/awodent.com\/en\/wp-json\/wp\/v2\/pages"}],"about":[{"href":"https:\/\/awodent.com\/en\/wp-json\/wp\/v2\/types\/page"}],"author":[{"embeddable":true,"href":"https:\/\/awodent.com\/en\/wp-json\/wp\/v2\/users\/1"}],"replies":[{"embeddable":true,"href":"https:\/\/awodent.com\/en\/wp-json\/wp\/v2\/comments?post=2350"}],"version-history":[{"count":8,"href":"https:\/\/awodent.com\/en\/wp-json\/wp\/v2\/pages\/2350\/revisions"}],"predecessor-version":[{"id":2423,"href":"https:\/\/awodent.com\/en\/wp-json\/wp\/v2\/pages\/2350\/revisions\/2423"}],"wp:attachment":[{"href":"https:\/\/awodent.com\/en\/wp-json\/wp\/v2\/media?parent=2350"}],"curies":[{"name":"wp","href":"https:\/\/api.w.org\/{rel}","templated":true}]}}